{"id":2778,"date":"2020-12-07T12:31:06","date_gmt":"2020-12-07T11:31:06","guid":{"rendered":"http:\/\/piscina.esportsmunicipalsalzira.com\/?page_id=2778"},"modified":"2021-01-27T13:19:39","modified_gmt":"2021-01-27T12:19:39","slug":"padel","status":"publish","type":"page","link":"https:\/\/piscina.esportsmunicipalsalzira.com\/va\/padel\/","title":{"rendered":"P\u00e0del"},"content":{"rendered":"<p>[vc_row el_class=\u00bbmy-3 mt-md-0&#8243;][vc_column][vc_single_image image=\u00bb3071&#8243; img_size=\u00bb300&#215;300&#8243; alignment=\u00bbcenter\u00bb label=\u00bb\u00bb][vc_custom_heading text=\u00bbPADEL\u00bb font_container=\u00bbtag:h1|text_align:center|color:%237f3035&#8243; use_theme_fonts=\u00bbyes\u00bb]<div class=\"porto-ultimate-content-box-container\"><style>#porto_ucb_3509{will-change: box-shadow;box-shadow:0px 0px 35px -5px rgba(0,0,0,0.1);}<\/style><div class=\"porto-ultimate-content-box vc_custom_1607338555796\" style=\"border:1px solid #e8e8e8;\" id=\"porto_ucb_3509\">[vc_custom_heading text=\u00bbDescripci\u00f3n\u00bb font_container=\u00bbtag:h5|font_size:1.2em|text_align:center|line_height:1.6&#8243; use_theme_fonts=\u00bbyes\u00bb letter_spacing=\u00bb0&#8243; el_class=\u00bbpt-3 mb-0&#8243;][vc_empty_space][vc_column_text]El p\u00e1del es una actividad muy divertida de raqueta que se juega por parejas.<\/p>\n<p>El grau de dificultat que representa \u00e9s baix i qualsevol persona pot divertir adaptant el seu joc a les caracter\u00edstiques del joc. El p\u00e0del consta de 3 elements principals: la pilota, la pala i el camp de joc.<\/p>\n<p>A les pistes de p\u00e0del Ven\u00e8cia tens les millors condicions per practicar esport d'una manera amena i l\u00fadica. Tenim 3 pistes de p\u00e0del vidre d'\u00faltima generaci\u00f3, vestuaris exclusius per a les pistes, servici d'atenci\u00f3 al client amb venda de begudes i material esportiu i fins a un parc infantil perqu\u00e8 els m\u00e9s xicotets puguen divertir-se.<\/p>\n<p>El personal que treballa en les mateixes est\u00e0 altament qualificat i desenvolupa tots els serveis del club, que van des del lloguer de pistes, l'escola de p\u00e0del o l'organitzaci\u00f3 de lligues i competicions.<\/p>\n<p>Por la ubicaci\u00f3n de nuestras pistas (en pleno n\u00facleo urbano) puedes acceder a ellas sin necesidad de desplazamiento ni veh\u00edculo alguno.[\/vc_column_text][vc_separator color=\u00bbcustom\u00bb style=\u00bbsolid\u00bb accent_color=\u00bbrgba(0,0,0,0.15)\u00bb][vc_custom_heading text=\u00bbActividades\u00bb font_container=\u00bbtag:h5|font_size:1.2em|text_align:center|line_height:1.6&#8243; use_theme_fonts=\u00bbyes\u00bb letter_spacing=\u00bb0&#8243; el_class=\u00bbpt-3 mb-0&#8243;][vc_empty_space][vc_column_text]<\/p>\n<ul>\n<li>Lloguer de Pistes: El lloguer de pistes s&#39;estructura en tres modalitats, el lloguer per hores, el lloguer per bons de 10 usos o l&#39;abonament trimestral de pista.<\/li>\n<li>Escola de P\u00e0del: De dilluns a dissabte pots inscriure't a la nostra escola de p\u00e0del per a xiquets\/ es i adults \/ es. Pots triar entre rebre classes una vegada per setmana o classes dos vegades per setmana.<\/li>\n<li>Lligues de P\u00e0del: Si el teu objectiu \u00e9s con\u00e9ixer a gent nova i competir a nivell local, el teu s\u00f3n les nostres lligues de p\u00e0del.<\/li>\n<\/ul>\n<p>[\/vc_column_text][vc_separator color=\u00bbcustom\u00bb style=\u00bbsolid\u00bb accent_color=\u00bbrgba(0,0,0,0.15)\u00bb]<\/div><\/div>[\/vc_column][\/vc_row]<\/p>","protected":false},"excerpt":{"rendered":"<p>[vc_row el_class=\u00bbmy-3 mt-md-0&#8243;][vc_column][vc_single_image image=\u00bb3071&#8243; img_size=\u00bb300&#215;300&#8243; alignment=\u00bbcenter\u00bb label=\u00bb\u00bb][vc_custom_heading text=\u00bbPADEL\u00bb font_container=\u00bbtag:h1|text_align:center|color:%237f3035&#8243; use_theme_fonts=\u00bbyes\u00bb][\/vc_column][\/vc_row]<\/p>","protected":false},"author":1,"featured_media":0,"parent":0,"menu_order":0,"comment_status":"closed","ping_status":"closed","template":"","meta":[],"_links":{"self":[{"href":"https:\/\/piscina.esportsmunicipalsalzira.com\/va\/wp-json\/wp\/v2\/pages\/2778"}],"collection":[{"href":"https:\/\/piscina.esportsmunicipalsalzira.com\/va\/wp-json\/wp\/v2\/pages"}],"about":[{"href":"https:\/\/piscina.esportsmunicipalsalzira.com\/va\/wp-json\/wp\/v2\/types\/page"}],"author":[{"embeddable":true,"href":"https:\/\/piscina.esportsmunicipalsalzira.com\/va\/wp-json\/wp\/v2\/users\/1"}],"replies":[{"embeddable":true,"href":"https:\/\/piscina.esportsmunicipalsalzira.com\/va\/wp-json\/wp\/v2\/comments?post=2778"}],"version-history":[{"count":8,"href":"https:\/\/piscina.esportsmunicipalsalzira.com\/va\/wp-json\/wp\/v2\/pages\/2778\/revisions"}],"predecessor-version":[{"id":3083,"href":"https:\/\/piscina.esportsmunicipalsalzira.com\/va\/wp-json\/wp\/v2\/pages\/2778\/revisions\/3083"}],"wp:attachment":[{"href":"https:\/\/piscina.esportsmunicipalsalzira.com\/va\/wp-json\/wp\/v2\/media?parent=2778"}],"curies":[{"name":"wp","href":"https:\/\/api.w.org\/{rel}","templated":true}]}}